{"id":2703,"date":"2023-03-06T19:08:51","date_gmt":"2023-03-06T17:08:51","guid":{"rendered":"https:\/\/amarresbcn.com\/blog\/"},"modified":"2025-09-29T11:10:15","modified_gmt":"2025-09-29T09:10:15","slug":"blog","status":"publish","type":"page","link":"https:\/\/amarresbcn.com\/ca\/blog\/","title":{"rendered":"Blog"},"content":{"rendered":"","protected":false},"excerpt":{"rendered":"<p>Descobreix les \u00faltimes novetats del nostre blog i mant\u00e9n-te al dia amb els temes m\u00e9s interessants en catal\u00e0.<\/p>\n","protected":false},"author":1,"featured_media":0,"parent":0,"menu_order":0,"comment_status":"closed","ping_status":"closed","template":"template-blog-masonry.php","meta":{"inline_featured_image":false,"footnotes":""},"class_list":["post-2703","page","type-page","status-publish","hentry","description-off"],"_links":{"self":[{"href":"https:\/\/amarresbcn.com\/ca\/wp-json\/wp\/v2\/pages\/2703","targetHints":{"allow":["GET"]}}],"collection":[{"href":"https:\/\/amarresbcn.com\/ca\/wp-json\/wp\/v2\/pages"}],"about":[{"href":"https:\/\/amarresbcn.com\/ca\/wp-json\/wp\/v2\/types\/page"}],"author":[{"embeddable":true,"href":"https:\/\/amarresbcn.com\/ca\/wp-json\/wp\/v2\/users\/1"}],"replies":[{"embeddable":true,"href":"https:\/\/amarresbcn.com\/ca\/wp-json\/wp\/v2\/comments?post=2703"}],"version-history":[{"count":1,"href":"https:\/\/amarresbcn.com\/ca\/wp-json\/wp\/v2\/pages\/2703\/revisions"}],"predecessor-version":[{"id":3291,"href":"https:\/\/amarresbcn.com\/ca\/wp-json\/wp\/v2\/pages\/2703\/revisions\/3291"}],"wp:attachment":[{"href":"https:\/\/amarresbcn.com\/ca\/wp-json\/wp\/v2\/media?parent=2703"}],"curies":[{"name":"wp","href":"https:\/\/api.w.org\/{rel}","templated":true}]}}