{"id":2720,"date":"2023-02-27T17:56:25","date_gmt":"2023-02-27T15:56:25","guid":{"rendered":"https:\/\/amarresbcn.com\/lluita-contra-la-contaminacio\/"},"modified":"2025-09-29T11:38:37","modified_gmt":"2025-09-29T09:38:37","slug":"lluita-contra-la-contaminacio","status":"publish","type":"page","link":"https:\/\/amarresbcn.com\/ca\/serveis\/lluita-contra-la-contaminacio\/","title":{"rendered":"Lluita contra la contaminaci\u00f3"},"content":{"rendered":"<div class=\"wpb-content-wrapper\"><p>[vc_row css=&#8221;.vc_custom_1678096477022{margin-bottom: 22px !important;}&#8221;][vc_column]<div id=\"ultimate-heading-930369f6f0e1a3d54\" class=\"uvc-heading ult-adjust-bottom-margin ultimate-heading-930369f6f0e1a3d54 uvc-8431 \" data-hspacer=\"line_only\"  data-halign=\"center\" style=\"text-align:center\"><div class=\"uvc-heading-spacer line_only\" style=\"margin-bottom:15px;height:3px;\"><span class=\"uvc-headings-line\" style=\"border-style:solid;border-bottom-width:3px;border-color:#ff0000;width:80px;\"><\/span><\/div><div class=\"uvc-sub-heading ult-responsive\"  data-ultimate-target='.uvc-heading.ultimate-heading-930369f6f0e1a3d54 .uvc-sub-heading '  data-responsive-json-new='{\"font-size\":\"desktop:25px;\",\"line-height\":\"\"}'  style=\"font-weight:normal;color:#7c7c7c;margin-bottom:20px;\">A Amarres de Barcelona sabem que aig\u00fces netes s\u00f3n aig\u00fces pr\u00f2speres, per aix\u00f2 estem compromesos amb la lluita contra la contaminaci\u00f3 marina i facilitem tot tipus de serveis de protecci\u00f3 ambiental al voltant del port de Barcelona.<\/p>\n<p><strong>Preparats per atendre qualsevol vessament durant les 24h del dia, 365 dies de l&#8217;any.<\/strong><\/div><\/div>[vc_separator color=&#8221;custom&#8221; border_width=&#8221;3&#8243; accent_color=&#8221;#ff0000&#8243; css=&#8221;.vc_custom_1678096584412{padding-top: 55px !important;padding-bottom: 55px !important;}&#8221;][\/vc_column][\/vc_row][vc_row content_placement=&#8221;middle&#8221; css=&#8221;.vc_custom_1678096854273{margin-bottom: 44px !important;}&#8221;][vc_column width=&#8221;1\/2&#8243; el_class=&#8221;separador&#8221;][vc_single_image image=&#8221;2653&#8243; img_size=&#8221;575&#215;440&#8243; style=&#8221;vc_box_shadow_3d&#8221; css_animation=&#8221;fadeInLeft&#8221;][\/vc_column][vc_column width=&#8221;1\/2&#8243;]<div id=\"ultimate-heading-15269f6f0e1a3de2\" class=\"uvc-heading ult-adjust-bottom-margin ultimate-heading-15269f6f0e1a3de2 uvc-5978 \" data-hspacer=\"line_only\"  data-halign=\"left\" style=\"text-align:left\"><div class=\"uvc-main-heading ult-responsive\"  data-ultimate-target='.uvc-heading.ultimate-heading-15269f6f0e1a3de2 h2'  data-responsive-json-new='{\"font-size\":\"desktop:30px;\",\"line-height\":\"\"}' ><h2 style=\"font-weight:bold;color:#0a0a0a;margin-bottom:15px;\">Mitjans Anticontaminaci\u00f3<\/h2><\/div><div class=\"uvc-heading-spacer line_only\" style=\"margin-bottom:15px;height:3px;\"><span class=\"uvc-headings-line\" style=\"border-style:solid;border-bottom-width:3px;border-color:#ff0000;width:80px;\"><\/span><\/div><div class=\"uvc-sub-heading ult-responsive\"  data-ultimate-target='.uvc-heading.ultimate-heading-15269f6f0e1a3de2 .uvc-sub-heading '  data-responsive-json-new='{\"font-size\":\"desktop:25px;\",\"line-height\":\"\"}'  style=\"font-weight:normal;color:#7c7c7c;margin-bottom:20px;\">El factor clau de l&#8217;equaci\u00f3 s\u00f3n els professionals que treballen dia a dia per assolir un port m\u00e9s eficient, pr\u00f2sper i net.<\/div><\/div>[vc_column_text]Oferim un servei d&#8217;alta qualitat gr\u00e0cies a la nostra gran experi\u00e8ncia en la lluita contra la contaminaci\u00f3 al port.<\/p>\n<p>Treballem amb els nostres clients i autoritats per frenar la contaminaci\u00f3. Fem servir els nostres coneixements i habilitats adquirits en anys d&#8217;experi\u00e8ncia.<br \/>\n[\/vc_column_text][\/vc_column][vc_column][vc_separator color=&#8221;custom&#8221; border_width=&#8221;3&#8243; accent_color=&#8221;#ff0000&#8243; css=&#8221;.vc_custom_1678096584412{padding-top: 55px !important;padding-bottom: 55px !important;}&#8221;][\/vc_column][\/vc_row][vc_row content_placement=&#8221;middle&#8221; css=&#8221;.vc_custom_1678096861187{margin-bottom: 44px !important;}&#8221;][vc_column width=&#8221;1\/2&#8243; offset=&#8221;vc_hidden-lg vc_hidden-md&#8221; el_class=&#8221;separador&#8221;][vc_single_image image=&#8221;2651&#8243; img_size=&#8221;575&#215;440&#8243; style=&#8221;vc_box_shadow_3d&#8221; css_animation=&#8221;fadeInRight&#8221;][\/vc_column][vc_column width=&#8221;1\/2&#8243;]<div id=\"ultimate-heading-867869f6f0e1a3e91\" class=\"uvc-heading ult-adjust-bottom-margin ultimate-heading-867869f6f0e1a3e91 uvc-3403 \" data-hspacer=\"line_only\"  data-halign=\"left\" style=\"text-align:left\"><div class=\"uvc-main-heading ult-responsive\"  data-ultimate-target='.uvc-heading.ultimate-heading-867869f6f0e1a3e91 h2'  data-responsive-json-new='{\"font-size\":\"desktop:30px;\",\"line-height\":\"\"}' ><h2 style=\"font-weight:bold;color:#0a0a0a;margin-bottom:15px;\">Recol\u00b7lecci\u00f3 i disposici\u00f3 de residus<\/h2><\/div><div class=\"uvc-heading-spacer line_only\" style=\"margin-bottom:15px;height:3px;\"><span class=\"uvc-headings-line\" style=\"border-style:solid;border-bottom-width:3px;border-color:#ff0000;width:80px;\"><\/span><\/div><div class=\"uvc-sub-heading ult-responsive\"  data-ultimate-target='.uvc-heading.ultimate-heading-867869f6f0e1a3e91 .uvc-sub-heading '  data-responsive-json-new='{\"font-size\":\"desktop:25px;\",\"line-height\":\"\"}'  style=\"font-weight:normal;color:#7c7c7c;margin-bottom:20px;\"><span style=\"font-weight: 400;\">Serveis de recol\u00b7lecci\u00f3, amuntegament, trasllat i disposici\u00f3 final de:<\/span><\/div><\/div>[vc_column_text]<\/p>\n<h3>Hidrocarburs<\/h3>\n<p>Tot tipus de combustibles i lubricants que usen els motors i les maquin\u00e0ries dels vaixells. Es poden vessar accidentalment o per neglig\u00e8ncia a l&#8217;aigua oa terra, causant greus danys al medi ambient ia la salut humana.<\/p>\n<h3>Barreges olioses<\/h3>\n<p>S\u00f3n les aig\u00fces contaminades amb olis que es produeixen pel rentat dels tancs o les sentines dels vaixells.<\/p>\n<h3>Subst\u00e0ncies nocives l\u00edquides<\/h3>\n<p>Tots aquells productes qu\u00edmics que es transporten com a c\u00e0rrega o que es fan servir per a la neteja o el manteniment dels vaixells. Poden ser corrosius, inflamables, t\u00f2xics o explosius i representen un risc alt per a l&#8217;ecosistema mar\u00ed i la seguretat portu\u00e0ria.<\/p>\n<h3>Escombraries<\/h3>\n<p>Totes les deixalles s\u00f2lides que s&#8217;originen pel consum d&#8217;aliments, begudes o altres productes a bord dels vaixells. Inclouen pl\u00e0stics, metalls, paper, cartr\u00f3, vidre, fusta, t\u00e8xtils, etc. Tamb\u00e9 poden ser residus org\u00e0nics com a restes de menjar o cad\u00e0vers d&#8217;animals.[\/vc_column_text][\/vc_column][vc_column width=&#8221;1\/2&#8243; offset=&#8221;vc_hidden-sm vc_hidden-xs&#8221; el_class=&#8221;separador&#8221;][vc_single_image image=&#8221;2651&#8243; img_size=&#8221;575&#215;200&#8243; style=&#8221;vc_box_shadow_3d&#8221; css_animation=&#8221;fadeInRight&#8221;][vc_single_image image=&#8221;2649&#8243; img_size=&#8221;575&#215;200&#8243; style=&#8221;vc_box_shadow_3d&#8221; css_animation=&#8221;fadeInRight&#8221;][vc_single_image image=&#8221;2645&#8243; img_size=&#8221;575&#215;200&#8243; style=&#8221;vc_box_shadow_3d&#8221; css_animation=&#8221;fadeInRight&#8221;][vc_single_image image=&#8221;2647&#8243; img_size=&#8221;575&#215;200&#8243; style=&#8221;vc_box_shadow_3d&#8221; css_animation=&#8221;fadeInRight&#8221;][\/vc_column][vc_column][\/vc_column][\/vc_row]<\/p>\n<\/div>","protected":false},"excerpt":{"rendered":"<p>Lluita contra la contaminaci\u00f3. Informaci\u00f3 sobre com reduir la contaminaci\u00f3 a trav\u00e9s de pr\u00e0ctiques sostenibles i responsables. Consells pr\u00e0ctics per preservar el medi ambient.<\/p>\n","protected":false},"author":1,"featured_media":0,"parent":2743,"menu_order":0,"comment_status":"closed","ping_status":"closed","template":"","meta":{"inline_featured_image":false,"footnotes":""},"class_list":["post-2720","page","type-page","status-publish","hentry","description-off"],"_links":{"self":[{"href":"https:\/\/amarresbcn.com\/ca\/wp-json\/wp\/v2\/pages\/2720","targetHints":{"allow":["GET"]}}],"collection":[{"href":"https:\/\/amarresbcn.com\/ca\/wp-json\/wp\/v2\/pages"}],"about":[{"href":"https:\/\/amarresbcn.com\/ca\/wp-json\/wp\/v2\/types\/page"}],"author":[{"embeddable":true,"href":"https:\/\/amarresbcn.com\/ca\/wp-json\/wp\/v2\/users\/1"}],"replies":[{"embeddable":true,"href":"https:\/\/amarresbcn.com\/ca\/wp-json\/wp\/v2\/comments?post=2720"}],"version-history":[{"count":1,"href":"https:\/\/amarresbcn.com\/ca\/wp-json\/wp\/v2\/pages\/2720\/revisions"}],"predecessor-version":[{"id":3298,"href":"https:\/\/amarresbcn.com\/ca\/wp-json\/wp\/v2\/pages\/2720\/revisions\/3298"}],"up":[{"embeddable":true,"href":"https:\/\/amarresbcn.com\/ca\/wp-json\/wp\/v2\/pages\/2743"}],"wp:attachment":[{"href":"https:\/\/amarresbcn.com\/ca\/wp-json\/wp\/v2\/media?parent=2720"}],"curies":[{"name":"wp","href":"https:\/\/api.w.org\/{rel}","templated":true}]}}