{"id":2743,"date":"2023-02-27T17:55:06","date_gmt":"2023-02-27T15:55:06","guid":{"rendered":"https:\/\/amarresbcn.com\/serveis\/"},"modified":"2025-09-29T11:40:44","modified_gmt":"2025-09-29T09:40:44","slug":"serveis","status":"publish","type":"page","link":"https:\/\/amarresbcn.com\/ca\/serveis\/","title":{"rendered":"Serveis"},"content":{"rendered":"<div class=\"wpb-content-wrapper\"><p>[vc_row source=&#8221;&#8221; main_heading=&#8221;Servicio de amarre y desamarre en el puerto de Barcelona: calidad, eficiencia y seguridad&#8221; heading_tag=&#8221;h2&#8243; main_heading_color=&#8221;#0a0a0a&#8221; sub_heading_color=&#8221;#7c7c7c&#8221; alignment=&#8221;left&#8221; spacer=&#8221;line_only&#8221; spacer_position=&#8221;middle&#8221; spacer_img_width=&#8221;48&#8243; line_style=&#8221;solid&#8221; line_height=&#8221;3&#8243; line_color=&#8221;#ff0000&#8243; line_icon_fixer=&#8221;10&#8243; main_heading_style=&#8221;font-weight:bold;&#8221; main_heading_font_size=&#8221;desktop:30px;&#8221; main_heading_margin=&#8221;margin-bottom:15px;&#8221; sub_heading_margin=&#8221;margin-bottom:20px;&#8221; sub_heading_font_size=&#8221;desktop:25px;&#8221; line_width=&#8221;80&#8243; spacer_margin=&#8221;margin-bottom:15px;&#8221; main_heading_typograpy=&#8221;&#8221; main_heading_font_family=&#8221;&#8221; main_heading_line_height=&#8221;&#8221; margin_design_tab_text=&#8221;&#8221; sub_heading_typograpy=&#8221;&#8221; sub_heading_font_family=&#8221;&#8221; sub_heading_style=&#8221;&#8221; sub_heading_line_height=&#8221;&#8221; spacer_img=&#8221;&#8221;][vc_column]<div id=\"ultimate-heading-300669f6f0e1e74fc\" class=\"uvc-heading ult-adjust-bottom-margin ultimate-heading-300669f6f0e1e74fc uvc-407 \" data-hspacer=\"line_only\"  data-halign=\"left\" style=\"text-align:left\"><div class=\"uvc-main-heading ult-responsive\"  data-ultimate-target='.uvc-heading.ultimate-heading-300669f6f0e1e74fc h2'  data-responsive-json-new='{\"font-size\":\"desktop:30px;\",\"line-height\":\"\"}' ><h2 style=\"font-weight:bold;color:#0a0a0a;margin-bottom:15px;\">Serveis portuaris a Barcelona<\/h2><\/div><div class=\"uvc-heading-spacer line_only\" style=\"margin-bottom:15px;height:3px;\"><span class=\"uvc-headings-line\" style=\"border-style:solid;border-bottom-width:3px;border-color:#ff0000;width:80px;\"><\/span><\/div><div class=\"uvc-sub-heading ult-responsive\"  data-ultimate-target='.uvc-heading.ultimate-heading-300669f6f0e1e74fc .uvc-sub-heading '  data-responsive-json-new='{\"font-size\":\"desktop:25px;\",\"line-height\":\"\"}'  style=\"font-weight:normal;color:#7c7c7c;margin-bottom:20px;\"><span style=\"font-weight: 400;\">Si esteu interessats en els nostres serveis de transport fluvial i operacions al port de Barcelona, no dubteu a posar-vos en contacte amb nosaltres.<\/span><\/div><\/div>[\/vc_column][\/vc_row][vc_row css=&#8221;.vc_custom_1678120568503{margin-top: 66px !important;}&#8221;][vc_column width=&#8221;1\/3&#8243;][vc_single_image image=&#8221;2567&#8243; img_size=&#8221;366&#215;366&#8243; style=&#8221;vc_box_shadow_3d&#8221; onclick=&#8221;custom_link&#8221; css=&#8221;.vc_custom_1678120800037{margin-bottom: 15px !important;}&#8221; link=&#8221;https:\/\/amarresbcn.com\/ca\/serveis\/amarratge-i-desamarre\/&#8221;]<div id=\"ultimate-heading-850869f6f0e1e75c0\" class=\"uvc-heading ult-adjust-bottom-margin ultimate-heading-850869f6f0e1e75c0 uvc-9742 \" data-hspacer=\"line_only\"  data-halign=\"left\" style=\"text-align:left\"><div class=\"uvc-main-heading ult-responsive\"  data-ultimate-target='.uvc-heading.ultimate-heading-850869f6f0e1e75c0 h2'  data-responsive-json-new='{\"font-size\":\"desktop:30px;\",\"line-height\":\"\"}' ><h2 style=\"font-weight:bold;color:#0a0a0a;margin-bottom:15px;\">Serveis d&#039;amarratge i desamarrament<\/h2><\/div><div class=\"uvc-heading-spacer line_only\" style=\"margin-bottom:15px;height:3px;\"><span class=\"uvc-headings-line\" style=\"border-style:solid;border-bottom-width:3px;border-color:#ff0000;width:80px;\"><\/span><\/div><div class=\"uvc-sub-heading ult-responsive\"  data-ultimate-target='.uvc-heading.ultimate-heading-850869f6f0e1e75c0 .uvc-sub-heading '  data-responsive-json-new='{\"font-size\":\"desktop:25px;\",\"line-height\":\"\"}'  style=\"font-weight:normal;color:#7c7c7c;margin-bottom:20px;\">Si est\u00e0s buscant un servei d&#8217;amarratge i desamarrament segur i eficient per a la teva embarcaci\u00f3 al port de Barcelona, ets al lloc indicat.<\/div><\/div>[vc_column_text]A Amarres BCN garantim la seguretat de la teva embarcaci\u00f3 durant l&#8217;amarratge. Oferim un servei complet i personalitzat per a tot tipus d\u00b4embarcacions, les 24 hores del dia, els 365 dies de l\u00b4any.[\/vc_column_text][vc_btn title=&#8221;saber-ne m\u00e9s&#8230;&#8221; style=&#8221;flat&#8221; shape=&#8221;square&#8221; color=&#8221;juicy-pink&#8221; size=&#8221;sm&#8221; link=&#8221;url:https%3A%2F%2Famarresbcn.com%2Fca%2Fserveis%2Famarratge-i-desamarre%2F|&#8221; css=&#8221;.vc_custom_1678120780199{margin-top: 15px !important;}&#8221;][\/vc_column][vc_column width=&#8221;1\/3&#8243;][vc_single_image image=&#8221;2581&#8243; img_size=&#8221;366&#215;366&#8243; style=&#8221;vc_box_shadow_3d&#8221; onclick=&#8221;custom_link&#8221; css=&#8221;.vc_custom_1678120824651{margin-bottom: 15px !important;}&#8221; link=&#8221;https:\/\/amarresbcn.com\/ca\/serveis\/barqueig-de-barcasses-i-gavarres\/&#8221;]<div id=\"ultimate-heading-34769f6f0e1e765c\" class=\"uvc-heading ult-adjust-bottom-margin ultimate-heading-34769f6f0e1e765c uvc-6301 \" data-hspacer=\"line_only\"  data-halign=\"left\" style=\"text-align:left\"><div class=\"uvc-main-heading ult-responsive\"  data-ultimate-target='.uvc-heading.ultimate-heading-34769f6f0e1e765c h2'  data-responsive-json-new='{\"font-size\":\"desktop:30px;\",\"line-height\":\"\"}' ><h2 style=\"font-weight:bold;color:#0a0a0a;margin-bottom:15px;\">Serveis de barcasses i gavarres<\/h2><\/div><div class=\"uvc-heading-spacer line_only\" style=\"margin-bottom:15px;height:3px;\"><span class=\"uvc-headings-line\" style=\"border-style:solid;border-bottom-width:3px;border-color:#ff0000;width:80px;\"><\/span><\/div><div class=\"uvc-sub-heading ult-responsive\"  data-ultimate-target='.uvc-heading.ultimate-heading-34769f6f0e1e765c .uvc-sub-heading '  data-responsive-json-new='{\"font-size\":\"desktop:25px;\",\"line-height\":\"\"}'  style=\"font-weight:normal;color:#7c7c7c;margin-bottom:20px;\">Oferim transport integral per a vaixells propers al port de Barcelona amb barcasses i gavarres especialitzades i personal altament capacitat.<\/div><\/div>[vc_column_text]Tamb\u00e9 brindem serveis de remolc i transport de bussejadors per accedir de manera segura i eficient als punts d&#8217;immersi\u00f3 i vaixells a la zona portu\u00e0ria.[\/vc_column_text][vc_btn title=&#8221;saber-ne m\u00e9s&#8230;&#8221; style=&#8221;flat&#8221; shape=&#8221;square&#8221; color=&#8221;juicy-pink&#8221; size=&#8221;sm&#8221; link=&#8221;url:https%3A%2F%2Famarresbcn.com%2Fca%2Fserveis%2Fbarqueig-de-barcasses-i-gavarres%2F|&#8221; css=&#8221;.vc_custom_1678120812881{margin-top: 15px !important;}&#8221;][\/vc_column][vc_column width=&#8221;1\/3&#8243;][vc_single_image image=&#8221;2653&#8243; img_size=&#8221;366&#215;366&#8243; style=&#8221;vc_box_shadow_3d&#8221; onclick=&#8221;custom_link&#8221; css=&#8221;.vc_custom_1678122330321{margin-bottom: 15px !important;}&#8221; link=&#8221;https:\/\/amarresbcn.com\/ca\/serveis\/lluita-contra-la-contaminacio\/&#8221;]<div id=\"ultimate-heading-313969f6f0e1e76f3\" class=\"uvc-heading ult-adjust-bottom-margin ultimate-heading-313969f6f0e1e76f3 uvc-6001 \" data-hspacer=\"line_only\"  data-halign=\"left\" style=\"text-align:left\"><div class=\"uvc-main-heading ult-responsive\"  data-ultimate-target='.uvc-heading.ultimate-heading-313969f6f0e1e76f3 h2'  data-responsive-json-new='{\"font-size\":\"desktop:30px;\",\"line-height\":\"\"}' ><h2 style=\"font-weight:bold;color:#0a0a0a;margin-bottom:15px;\">Serveis Anticontaminaci\u00f3<\/h2><\/div><div class=\"uvc-heading-spacer line_only\" style=\"margin-bottom:15px;height:3px;\"><span class=\"uvc-headings-line\" style=\"border-style:solid;border-bottom-width:3px;border-color:#ff0000;width:80px;\"><\/span><\/div><div class=\"uvc-sub-heading ult-responsive\"  data-ultimate-target='.uvc-heading.ultimate-heading-313969f6f0e1e76f3 .uvc-sub-heading '  data-responsive-json-new='{\"font-size\":\"desktop:25px;\",\"line-height\":\"\"}'  style=\"font-weight:normal;color:#7c7c7c;margin-bottom:20px;\">Lluitem contra la contaminaci\u00f3 marina. Proporcionem serveis de protecci\u00f3 ambiental al port de Barcelona.<\/div><\/div>[vc_column_text]Comptem amb la llic\u00e8ncia ambiental per a la gesti\u00f3 de residus marins al nostre equip. Aquesta autoritzaci\u00f3 ens permet recol\u00b7lectar, transportar i tractar els residus generats pels vaixells al port.[\/vc_column_text][vc_btn title=&#8221;saber-ne m\u00e9s&#8230;&#8221; style=&#8221;flat&#8221; shape=&#8221;square&#8221; color=&#8221;juicy-pink&#8221; size=&#8221;sm&#8221; link=&#8221;url:https%3A%2F%2Famarresbcn.com%2Fca%2Fserveis%2Flluita-contra-la-contaminacio%2F|&#8221; css=&#8221;.vc_custom_1678120835864{margin-top: 15px !important;}&#8221;][\/vc_column][\/vc_row]<\/p>\n<\/div>","protected":false},"excerpt":{"rendered":"<p>Servei d&#8217;amarratge i desamarratge al port de Barcelona: qualitat, efici\u00e8ncia i seguretat. Solucions professionals per a vaixells.<\/p>\n","protected":false},"author":1,"featured_media":2587,"parent":0,"menu_order":0,"comment_status":"closed","ping_status":"closed","template":"","meta":{"inline_featured_image":false,"footnotes":""},"class_list":["post-2743","page","type-page","status-publish","has-post-thumbnail","hentry","description-off"],"_links":{"self":[{"href":"https:\/\/amarresbcn.com\/ca\/wp-json\/wp\/v2\/pages\/2743","targetHints":{"allow":["GET"]}}],"collection":[{"href":"https:\/\/amarresbcn.com\/ca\/wp-json\/wp\/v2\/pages"}],"about":[{"href":"https:\/\/amarresbcn.com\/ca\/wp-json\/wp\/v2\/types\/page"}],"author":[{"embeddable":true,"href":"https:\/\/amarresbcn.com\/ca\/wp-json\/wp\/v2\/users\/1"}],"replies":[{"embeddable":true,"href":"https:\/\/amarresbcn.com\/ca\/wp-json\/wp\/v2\/comments?post=2743"}],"version-history":[{"count":3,"href":"https:\/\/amarresbcn.com\/ca\/wp-json\/wp\/v2\/pages\/2743\/revisions"}],"predecessor-version":[{"id":3312,"href":"https:\/\/amarresbcn.com\/ca\/wp-json\/wp\/v2\/pages\/2743\/revisions\/3312"}],"wp:featuredmedia":[{"embeddable":true,"href":"https:\/\/amarresbcn.com\/ca\/wp-json\/wp\/v2\/media\/2587"}],"wp:attachment":[{"href":"https:\/\/amarresbcn.com\/ca\/wp-json\/wp\/v2\/media?parent=2743"}],"curies":[{"name":"wp","href":"https:\/\/api.w.org\/{rel}","templated":true}]}}